{"id":2500,"date":"2025-08-12T01:03:26","date_gmt":"2025-08-12T05:03:26","guid":{"rendered":"https:\/\/www.espaceslokalia.ca\/north-shore\/"},"modified":"2025-10-29T13:09:46","modified_gmt":"2025-10-29T17:09:46","slug":"north-shore","status":"publish","type":"page","link":"https:\/\/www.espaceslokalia.ca\/en\/north-shore\/","title":{"rendered":"North Shore"},"content":{"rendered":"\t\t<div data-elementor-type=\"wp-page\" data-elementor-id=\"2500\" class=\"elementor elementor-2500 elementor-2229\" data-elementor-post-type=\"page\">\n\t\t\t\t<div class=\"elementor-element elementor-element-92a4af9 e-flex e-con-boxed e-con e-parent\" data-id=\"92a4af9\" data-element_type=\"container\" data-e-type=\"container\">\n\t\t\t\t\t<div class=\"e-con-inner\">\n\t\t<div class=\"elementor-element elementor-element-7de090c e-con-full e-flex e-con e-child\" data-id=\"7de090c\" data-element_type=\"container\" data-e-type=\"container\">\n\t\t\t\t<div class=\"elementor-element elementor-element-086ae01 elementor-widget elementor-widget-heading\" data-id=\"086ae01\" data-element_type=\"widget\" data-e-type=\"widget\" data-widget_type=\"heading.default\">\n\t\t\t\t\t<h1 class=\"elementor-heading-title elementor-size-default\">Apartments for rent on the North Shore<\/h1>\t\t\t\t<\/div>\n\t\t\t\t<div class=\"elementor-element elementor-element-eb0e42d elementor-widget elementor-widget-text-editor\" data-id=\"eb0e42d\" data-element_type=\"widget\" data-e-type=\"widget\" data-widget_type=\"text-editor.default\">\n\t\t\t\t\t\t\t\t\t<p>Would you like to live here? Here is a list of our buildings and real estate projects in the area you have selected. One of these rental properties will surely be the perfect one for you.<\/p>\n\t\t\t\t\t\t\t\t<\/div>\n\t\t\t\t<\/div>\n\t\t<div class=\"elementor-element elementor-element-e75714b e-con-full e-flex e-con e-child\" data-id=\"e75714b\" data-element_type=\"container\" data-e-type=\"container\">\n\t\t\t\t<div class=\"elementor-element elementor-element-408f433 elementor-widget elementor-widget-shortcode\" data-id=\"408f433\" data-element_type=\"widget\" data-e-type=\"widget\" data-widget_type=\"shortcode.default\">\n\t\t\t\t\t\t\t<div class=\"elementor-shortcode\"><div class=\"row\">\n            <div class=\"col-lg-4 col-sm-6\">\n                <div class=\"wx-city-item wow animate__animated animate__fadeInUp regions_only\">\n                    <div class=\"favourite\" data-id=\"5370\">\n                        <i class=\"flaticon-heart\"><\/i>\n                        <i class=\"flaticon-heart-1\"><\/i>\n                    <\/div>\n                    <a href=\"https:\/\/www.espaceslokalia.ca\/en\/immeuble\/vivaxces-st-jerome-iv\/\">\n                        <div class=\"city-image\">\n                            <div class=\"city-image-slider-wrapper swiper nested-swiper-0\">\n                                <div class=\"swiper-wrapper\">\n                                    <div class=\"swiper-slide\"><div class=\"wx-city-image-item\"><img decoding=\"async\" src=\"https:\/\/www.espaceslokalia.ca\/wp-content\/uploads\/2026\/03\/Perspective-10F-scaled.jpg\" alt=\"\"><\/div><\/div>                                <\/div>\n                                <div class=\"swiper-button-prev nested-prev-0\"><\/div>\n                                <div class=\"swiper-button-next nested-next-0\"><\/div>\n                            <\/div>\n                            <div class=\"category\"><p class=\"type2\">Upcoming project<\/p><\/div>                        <\/div>\n                        <div class=\"city-description\">\n                            <h3>Vivaxc\u00e8s St-J\u00e9r\u00f4me IV<\/h3>\n                            <p class=\"wx-btn read-more\">I am interested<\/p>\n                        <\/div>\n                    <\/a>\n                <\/div>\n            <\/div>\n\n        \n            <div class=\"col-lg-4 col-sm-6\">\n                <div class=\"wx-city-item wow animate__animated animate__fadeInUp regions_only\">\n                    <div class=\"favourite\" data-id=\"4782\">\n                        <i class=\"flaticon-heart\"><\/i>\n                        <i class=\"flaticon-heart-1\"><\/i>\n                    <\/div>\n                    <a href=\"https:\/\/www.espaceslokalia.ca\/en\/immeuble\/siora-mascouche\/\">\n                        <div class=\"city-image\">\n                            <div class=\"city-image-slider-wrapper swiper nested-swiper-1\">\n                                <div class=\"swiper-wrapper\">\n                                    <div class=\"swiper-slide\"><div class=\"wx-city-image-item\"><img decoding=\"async\" src=\"https:\/\/www.espaceslokalia.ca\/wp-content\/uploads\/2025\/11\/Appartements-a-louer-a-Mascouche_Perspective_2-scaled.jpg\" alt=\"\"><\/div><\/div>                                <\/div>\n                                <div class=\"swiper-button-prev nested-prev-1\"><\/div>\n                                <div class=\"swiper-button-next nested-next-1\"><\/div>\n                            <\/div>\n                            <div class=\"category\"><p class=\"type2\">Upcoming project<\/p><\/div>                        <\/div>\n                        <div class=\"city-description\">\n                            <h3>Siora Mascouche<\/h3>\n                            <p class=\"wx-btn read-more\">I am interested<\/p>\n                        <\/div>\n                    <\/a>\n                <\/div>\n            <\/div>\n\n        \n            <div class=\"col-lg-4 col-sm-6\">\n                <div class=\"wx-city-item wow animate__animated animate__fadeInUp regions_only\">\n                    <div class=\"favourite\" data-id=\"4110\">\n                        <i class=\"flaticon-heart\"><\/i>\n                        <i class=\"flaticon-heart-1\"><\/i>\n                    <\/div>\n                    <a href=\"https:\/\/www.espaceslokalia.ca\/en\/immeuble\/rivea-ii\/\">\n                        <div class=\"city-image\">\n                            <div class=\"city-image-slider-wrapper swiper nested-swiper-2\">\n                                <div class=\"swiper-wrapper\">\n                                    <div class=\"swiper-slide\"><div class=\"wx-city-image-item\"><img decoding=\"async\" src=\"https:\/\/www.espaceslokalia.ca\/wp-content\/uploads\/2025\/10\/19763-RO4-Perspective.jpg\" alt=\"\"><\/div><\/div>                                <\/div>\n                                <div class=\"swiper-button-prev nested-prev-2\"><\/div>\n                                <div class=\"swiper-button-next nested-next-2\"><\/div>\n                            <\/div>\n                            <div class=\"category\"><p class=\"type\">Promotion<\/p><p class=\"type2\">Upcoming project<\/p><\/div>                        <\/div>\n                        <div class=\"city-description\">\n                            <h3>Rivea II<\/h3>\n                            <p class=\"wx-btn read-more\">I am interested<\/p>\n                        <\/div>\n                    <\/a>\n                <\/div>\n            <\/div>\n\n        \n            <div class=\"col-lg-4 col-sm-6\">\n                <div class=\"wx-city-item wow animate__animated animate__fadeInUp regions_only\">\n                    <div class=\"favourite\" data-id=\"3276\">\n                        <i class=\"flaticon-heart\"><\/i>\n                        <i class=\"flaticon-heart-1\"><\/i>\n                    <\/div>\n                    <a href=\"https:\/\/www.espaceslokalia.ca\/en\/immeuble\/appartement-vivacity-mascouche\/\">\n                        <div class=\"city-image\">\n                            <div class=\"city-image-slider-wrapper swiper nested-swiper-3\">\n                                <div class=\"swiper-wrapper\">\n                                    <div class=\"swiper-slide\"><div class=\"wx-city-image-item\"><img decoding=\"async\" src=\"https:\/\/www.espaceslokalia.ca\/wp-content\/uploads\/2025\/08\/LOK1_mascouche-0217-\u2013-grande-taille.webp\" alt=\"\"><\/div><\/div><div class=\"swiper-slide\"><div class=\"wx-city-image-item\"><img decoding=\"async\" src=\"https:\/\/www.espaceslokalia.ca\/wp-content\/uploads\/2025\/08\/LOK1_mascouche-0215-\u2013-grande-taille.webp\" alt=\"\"><\/div><\/div>                                <\/div>\n                                <div class=\"swiper-button-prev nested-prev-3\"><\/div>\n                                <div class=\"swiper-button-next nested-next-3\"><\/div>\n                            <\/div>\n                            <div class=\"category\"><p class=\"type3\">Open House<\/p><p class=\"type\">Promotion<\/p><\/div>                        <\/div>\n                        <div class=\"city-description\">\n                            <h3>Vivacit\u00e9 Mascouche<\/h3>\n                            <p class=\"wx-btn read-more\">I am interested<\/p>\n                        <\/div>\n                    <\/a>\n                <\/div>\n            <\/div>\n\n        \n            <div class=\"col-lg-4 col-sm-6\">\n                <div class=\"wx-city-item wow animate__animated animate__fadeInUp regions_only\">\n                    <div class=\"favourite\" data-id=\"3278\">\n                        <i class=\"flaticon-heart\"><\/i>\n                        <i class=\"flaticon-heart-1\"><\/i>\n                    <\/div>\n                    <a href=\"https:\/\/www.espaceslokalia.ca\/en\/immeuble\/appartement-vivaxces-saint-jerome\/\">\n                        <div class=\"city-image\">\n                            <div class=\"city-image-slider-wrapper swiper nested-swiper-4\">\n                                <div class=\"swiper-wrapper\">\n                                    <div class=\"swiper-slide\"><div class=\"wx-city-image-item\"><img decoding=\"async\" src=\"https:\/\/www.espaceslokalia.ca\/wp-content\/uploads\/2025\/08\/Appartements-a-louer-a-St-Jerome_Vivaxces-St-Jerome-1-scaled.jpg\" alt=\"\"><\/div><\/div><div class=\"swiper-slide\"><div class=\"wx-city-image-item\"><img decoding=\"async\" src=\"https:\/\/www.espaceslokalia.ca\/wp-content\/uploads\/2025\/08\/Appartements-a-louer-a-St-Jerome_Vivaxces-St-Jerome-2-scaled.jpg\" alt=\"\"><\/div><\/div><div class=\"swiper-slide\"><div class=\"wx-city-image-item\"><img decoding=\"async\" src=\"https:\/\/www.espaceslokalia.ca\/wp-content\/uploads\/2025\/08\/Appartements-a-louer-a-St-Jerome_Vivaxces-St-Jerome-3-scaled.jpg\" alt=\"\"><\/div><\/div>                                <\/div>\n                                <div class=\"swiper-button-prev nested-prev-4\"><\/div>\n                                <div class=\"swiper-button-next nested-next-4\"><\/div>\n                            <\/div>\n                            <div class=\"category\"><p class=\"city\">New<\/p><p class=\"type3\">Open House<\/p><p class=\"type\">Promotion<\/p><\/div>                        <\/div>\n                        <div class=\"city-description\">\n                            <h3>Vivaxc\u00e8s Saint-J\u00e9rome<\/h3>\n                            <p class=\"wx-btn read-more\">I am interested<\/p>\n                        <\/div>\n                    <\/a>\n                <\/div>\n            <\/div>\n\n        \n            <div class=\"col-lg-4 col-sm-6\">\n                <div class=\"wx-city-item wow animate__animated animate__fadeInUp regions_only\">\n                    <div class=\"favourite\" data-id=\"3279\">\n                        <i class=\"flaticon-heart\"><\/i>\n                        <i class=\"flaticon-heart-1\"><\/i>\n                    <\/div>\n                    <a href=\"https:\/\/www.espaceslokalia.ca\/en\/immeuble\/appartement-vivaxces-mascouche\/\">\n                        <div class=\"city-image\">\n                            <div class=\"city-image-slider-wrapper swiper nested-swiper-5\">\n                                <div class=\"swiper-wrapper\">\n                                    <div class=\"swiper-slide\"><div class=\"wx-city-image-item\"><img decoding=\"async\" src=\"https:\/\/www.espaceslokalia.ca\/wp-content\/uploads\/2025\/08\/Espaces-Lokalia_Vivaxces-Mascouche_Appartement-Mascouche-22.webp\" alt=\"\"><\/div><\/div><div class=\"swiper-slide\"><div class=\"wx-city-image-item\"><img decoding=\"async\" src=\"https:\/\/www.espaceslokalia.ca\/wp-content\/uploads\/2025\/08\/Espaces-Lokalia_Vivaxces-Mascouche_Appartement-Mascouche-20.webp\" alt=\"\"><\/div><\/div>                                <\/div>\n                                <div class=\"swiper-button-prev nested-prev-5\"><\/div>\n                                <div class=\"swiper-button-next nested-next-5\"><\/div>\n                            <\/div>\n                            <div class=\"category\"><p class=\"type3\">Open House<\/p><p class=\"type\">Promotion<\/p><\/div>                        <\/div>\n                        <div class=\"city-description\">\n                            <h3>Vivaxc\u00e8s Mascouche<\/h3>\n                            <p class=\"wx-btn read-more\">I am interested<\/p>\n                        <\/div>\n                    <\/a>\n                <\/div>\n            <\/div>\n\n        \n            <div class=\"col-lg-4 col-sm-6\">\n                <div class=\"wx-city-item wow animate__animated animate__fadeInUp regions_only\">\n                    <div class=\"favourite\" data-id=\"2042\">\n                        <i class=\"flaticon-heart\"><\/i>\n                        <i class=\"flaticon-heart-1\"><\/i>\n                    <\/div>\n                    <a href=\"https:\/\/www.espaceslokalia.ca\/en\/immeuble\/appartement-vivacite-rive-nord\/\">\n                        <div class=\"city-image\">\n                            <div class=\"city-image-slider-wrapper swiper nested-swiper-6\">\n                                <div class=\"swiper-wrapper\">\n                                    <div class=\"swiper-slide\"><div class=\"wx-city-image-item\"><img decoding=\"async\" src=\"https:\/\/www.espaceslokalia.ca\/wp-content\/uploads\/2025\/07\/Appartements-a-louer-a-St-Jerome_Building_Juillet2025-4.webp\" alt=\"\"><\/div><\/div><div class=\"swiper-slide\"><div class=\"wx-city-image-item\"><img decoding=\"async\" src=\"https:\/\/www.espaceslokalia.ca\/wp-content\/uploads\/2025\/07\/Appartements-a-louer-a-St-Jerome_Building_Juillet2025-1.webp\" alt=\"\"><\/div><\/div>                                <\/div>\n                                <div class=\"swiper-button-prev nested-prev-6\"><\/div>\n                                <div class=\"swiper-button-next nested-next-6\"><\/div>\n                            <\/div>\n                            <div class=\"category\"><p class=\"city\">New<\/p><p class=\"type3\">Open House<\/p><p class=\"type\">Promotion<\/p><\/div>                        <\/div>\n                        <div class=\"city-description\">\n                            <h3>Vivacit\u00e9 Rive-Nord<\/h3>\n                            <p class=\"wx-btn read-more\">I am interested<\/p>\n                        <\/div>\n                    <\/a>\n                <\/div>\n            <\/div>\n\n        \n            <div class=\"col-lg-4 col-sm-6\">\n                <div class=\"wx-city-item wow animate__animated animate__fadeInUp regions_only\">\n                    <div class=\"favourite\" data-id=\"2049\">\n                        <i class=\"flaticon-heart\"><\/i>\n                        <i class=\"flaticon-heart-1\"><\/i>\n                    <\/div>\n                    <a href=\"https:\/\/www.espaceslokalia.ca\/en\/immeuble\/appartement-vivacite-rivea-lachenaie\/\">\n                        <div class=\"city-image\">\n                            <div class=\"city-image-slider-wrapper swiper nested-swiper-7\">\n                                <div class=\"swiper-wrapper\">\n                                    <div class=\"swiper-slide\"><div class=\"wx-city-image-item\"><img decoding=\"async\" src=\"https:\/\/www.espaceslokalia.ca\/wp-content\/uploads\/2025\/07\/Appartements-a-louer-a-Terrebonne_Vivacite-Rivea-Lachenaie-12-scaled-2.jpg\" alt=\"\"><\/div><\/div><div class=\"swiper-slide\"><div class=\"wx-city-image-item\"><img decoding=\"async\" src=\"https:\/\/www.espaceslokalia.ca\/wp-content\/uploads\/2025\/07\/Appartements-a-louer-a-Terrebonne_Vivacite-Rivea-Lachenaie-31.jpg\" alt=\"\"><\/div><\/div>                                <\/div>\n                                <div class=\"swiper-button-prev nested-prev-7\"><\/div>\n                                <div class=\"swiper-button-next nested-next-7\"><\/div>\n                            <\/div>\n                            <div class=\"category\"><p class=\"type3\">Open House<\/p><p class=\"type\">Promotion<\/p><\/div>                        <\/div>\n                        <div class=\"city-description\">\n                            <h3>Vivacit\u00e9 Rivea Lachenaie<\/h3>\n                            <p class=\"wx-btn read-more\">I am interested<\/p>\n                        <\/div>\n                    <\/a>\n                <\/div>\n            <\/div>\n\n        <\/div>        <script>\n            document.addEventListener(\"DOMContentLoaded\", function() {\n                \/\/ Destroy any existing nested Swipers before reinitializing\n                if (window.nestedSwipers) {\n                    window.nestedSwipers.forEach(swiper => swiper.destroy(true, true));\n                }\n                window.nestedSwipers = [];\n\n                \/\/ Find all nested Swiper containers and initialize them\n                document.querySelectorAll('.city-image-slider-wrapper.swiper').forEach((el, idx) => {\n                    const swiper = new Swiper(el, {\n                        slidesPerView: 1,\n                        loop: true,\n                        navigation: {\n                            nextEl: `.nested-next-${idx}`,\n                            prevEl: `.nested-prev-${idx}`,\n                        },\n                    });\n                    window.nestedSwipers.push(swiper);\n                });\n            });\n        <\/script>\n    <\/div>\n\t\t\t\t\t\t<\/div>\n\t\t\t\t<\/div>\n\t\t\t\t\t<\/div>\n\t\t\t\t<\/div>\n\t\t\t\t<\/div>\n\t\t","protected":false},"excerpt":{"rendered":"<p>Apartments for rent on the North Shore Would you like to live here? Here is a list of our buildings and real estate projects in the area you have selected. One of these rental properties will surely be the perfect one for you.<\/p>\n","protected":false},"author":1,"featured_media":0,"parent":0,"menu_order":0,"comment_status":"closed","ping_status":"closed","template":"","meta":{"_acf_changed":false,"footnotes":""},"folder":[],"class_list":["post-2500","page","type-page","status-publish","hentry"],"acf":[],"_links":{"self":[{"href":"https:\/\/www.espaceslokalia.ca\/en\/wp-json\/wp\/v2\/pages\/2500","targetHints":{"allow":["GET"]}}],"collection":[{"href":"https:\/\/www.espaceslokalia.ca\/en\/wp-json\/wp\/v2\/pages"}],"about":[{"href":"https:\/\/www.espaceslokalia.ca\/en\/wp-json\/wp\/v2\/types\/page"}],"author":[{"embeddable":true,"href":"https:\/\/www.espaceslokalia.ca\/en\/wp-json\/wp\/v2\/users\/1"}],"replies":[{"embeddable":true,"href":"https:\/\/www.espaceslokalia.ca\/en\/wp-json\/wp\/v2\/comments?post=2500"}],"version-history":[{"count":2,"href":"https:\/\/www.espaceslokalia.ca\/en\/wp-json\/wp\/v2\/pages\/2500\/revisions"}],"predecessor-version":[{"id":4441,"href":"https:\/\/www.espaceslokalia.ca\/en\/wp-json\/wp\/v2\/pages\/2500\/revisions\/4441"}],"wp:attachment":[{"href":"https:\/\/www.espaceslokalia.ca\/en\/wp-json\/wp\/v2\/media?parent=2500"}],"wp:term":[{"taxonomy":"folder","embeddable":true,"href":"https:\/\/www.espaceslokalia.ca\/en\/wp-json\/wp\/v2\/folder?post=2500"}],"curies":[{"name":"wp","href":"https:\/\/api.w.org\/{rel}","templated":true}]}}